{"id":636,"date":"2024-03-20T16:51:45","date_gmt":"2024-03-20T15:51:45","guid":{"rendered":"https:\/\/sitapeturs.com\/?page_id=636"},"modified":"2024-03-20T17:06:42","modified_gmt":"2024-03-20T16:06:42","slug":"fyrirlestrar","status":"publish","type":"page","link":"https:\/\/sitapeturs.com\/index.php\/fyrirlestrar\/","title":{"rendered":"Fyrirlestrar"},"content":{"rendered":"\t\t<div data-elementor-type=\"wp-page\" data-elementor-id=\"636\" class=\"elementor elementor-636\" data-elementor-post-type=\"page\">\n\t\t\t\t<div class=\"elementor-element elementor-element-38a85ecb e-con-full e-flex e-con e-parent\" data-id=\"38a85ecb\" data-element_type=\"container\" data-e-type=\"container\">\n\t\t<div class=\"elementor-element elementor-element-4ec22ee3 e-con-full e-flex e-con e-child\" data-id=\"4ec22ee3\" data-element_type=\"container\" data-e-type=\"container\">\n\t\t\t\t<div class=\"elementor-element elementor-element-16a2af17 elementor-widget elementor-widget-theme-site-logo elementor-widget-image\" data-id=\"16a2af17\" data-element_type=\"widget\" data-e-type=\"widget\" data-widget_type=\"theme-site-logo.default\">\n\t\t\t\t<div class=\"elementor-widget-container\">\n\t\t\t\t\t\t\t\t\t\t\t<a href=\"https:\/\/sitapeturs.com\">\n\t\t\t<img decoding=\"async\" width=\"382\" height=\"104\" src=\"https:\/\/sitapeturs.com\/wp-content\/uploads\/2024\/01\/Livets-Reise.png\" class=\"attachment-full size-full wp-image-179\" alt=\"\" srcset=\"https:\/\/sitapeturs.com\/wp-content\/uploads\/2024\/01\/Livets-Reise.png 382w, https:\/\/sitapeturs.com\/wp-content\/uploads\/2024\/01\/Livets-Reise-300x82.png 300w\" sizes=\"(max-width: 382px) 100vw, 382px\" \/>\t\t\t\t<\/a>\n\t\t\t\t\t\t\t\t\t\t\t<\/div>\n\t\t\t\t<\/div>\n\t\t\t\t<\/div>\n\t\t<div class=\"elementor-element elementor-element-28f26ef5 e-con-full e-flex e-con e-child\" data-id=\"28f26ef5\" data-element_type=\"container\" data-e-type=\"container\">\n\t\t\t\t<div class=\"elementor-element elementor-element-46acd318 elementor-widget elementor-widget-button\" data-id=\"46acd318\" data-element_type=\"widget\" data-e-type=\"widget\" data-widget_type=\"button.default\">\n\t\t\t\t<div class=\"elementor-widget-container\">\n\t\t\t\t\t\t\t\t\t<div class=\"elementor-button-wrapper\">\n\t\t\t\t\t<a class=\"elementor-button elementor-button-link elementor-size-sm\" href=\"https:\/\/sitapeturs.com\/\">\n\t\t\t\t\t\t<span class=\"elementor-button-content-wrapper\">\n\t\t\t\t\t\t\t\t\t<span class=\"elementor-button-text\">Heim<\/span>\n\t\t\t\t\t<\/span>\n\t\t\t\t\t<\/a>\n\t\t\t\t<\/div>\n\t\t\t\t\t\t\t\t<\/div>\n\t\t\t\t<\/div>\n\t\t\t\t<\/div>\n\t\t<div class=\"elementor-element elementor-element-4f7ef767 e-con-full e-flex e-con e-child\" data-id=\"4f7ef767\" data-element_type=\"container\" data-e-type=\"container\">\n\t\t\t\t<\/div>\n\t\t<div class=\"elementor-element elementor-element-6cc6b5a7 e-con-full e-flex e-con e-child\" data-id=\"6cc6b5a7\" data-element_type=\"container\" data-e-type=\"container\">\n\t\t\t\t<\/div>\n\t\t<div class=\"elementor-element elementor-element-75a35b51 e-con-full e-flex e-con e-child\" data-id=\"75a35b51\" data-element_type=\"container\" data-e-type=\"container\">\n\t\t\t\t<\/div>\n\t\t\t\t<\/div>\n\t\t<div class=\"elementor-element elementor-element-6d090a4 e-flex e-con-boxed e-con e-parent\" data-id=\"6d090a4\" data-element_type=\"container\" data-e-type=\"container\" data-settings=\"{&quot;background_background&quot;:&quot;classic&quot;}\">\n\t\t\t\t\t<div class=\"e-con-inner\">\n\t\t<div class=\"elementor-element elementor-element-8a8e5c0 e-con-full e-flex e-con e-child\" data-id=\"8a8e5c0\" data-element_type=\"container\" data-e-type=\"container\">\n\t\t\t\t<div class=\"elementor-element elementor-element-3cbb7b1 elementor-widget elementor-widget-heading\" data-id=\"3cbb7b1\" data-element_type=\"widget\" data-e-type=\"widget\" data-widget_type=\"heading.default\">\n\t\t\t\t<div class=\"elementor-widget-container\">\n\t\t\t\t\t<h2 class=\"elementor-heading-title elementor-size-default\">Fyrirlestrar fyrir leiksk\u00f3la<\/h2>\t\t\t\t<\/div>\n\t\t\t\t<\/div>\n\t\t<div class=\"elementor-element elementor-element-df5c634 e-flex e-con-boxed e-con e-child\" data-id=\"df5c634\" data-element_type=\"container\" data-e-type=\"container\">\n\t\t\t\t\t<div class=\"e-con-inner\">\n\t\t\t\t<div class=\"elementor-element elementor-element-334bbf4 elementor-widget elementor-widget-text-editor\" data-id=\"334bbf4\" data-element_type=\"widget\" data-e-type=\"widget\" data-widget_type=\"text-editor.default\">\n\t\t\t\t<div class=\"elementor-widget-container\">\n\t\t\t\t\t\t\t\t\t<p style=\"text-align: center;\"><b>N\u00e1msumhverfi\u00f0 &#8211; Efnivi\u00f0ur og r\u00fdmi &#8211; Yngstu leiksk\u00f3lab\u00f6rnin. <\/b><\/p><p><span style=\"font-weight: 400;\">\u00cd fyrirlestrinum er leikurinn sem n\u00e1mslei\u00f0 sko\u00f0a\u00f0ur s\u00e9rstaklega, stu\u00f0st er vi\u00f0 skr\u00e1ningar \u00far starfi me\u00f0 1 &#8211; 3 \u00e1ra b\u00f6rnum. \u201cMe\u00f0 ranns\u00f3knum og tilraunum s\u00ednum ein og sama me\u00f0 \u00f6\u00f0rum l\u00e6rir barni\u00f0 sm\u00e1m saman um t\u00e1knm\u00e1l leiksins, um m\u00f6guleika efnivi\u00f0arins. Me\u00f0 ranns\u00f3knum s\u00ednum \u00f6\u00f0last barni\u00f0 \u00feekkingu og f\u00e6rni gegnum leikinn. B\u00f6rn l\u00e6ra af innri hv\u00f6t, l\u00f6ngun og \u00fea\u00f0 er \u00feessi l\u00f6ngun sem dr\u00edfur barni\u00f0 \u00e1fram \u00fer\u00e1tt fyrir mist\u00f6k, \u00feau reyna aftur\u201d.\u00a0<\/span><\/p><ul><li style=\"list-style-type: none;\"><ul><li style=\"list-style-type: none;\"><ul><li style=\"font-weight: 400;\" aria-level=\"2\"><span style=\"font-weight: 400;\">Einnig er m\u00f6gulegt a\u00f0 a\u00f0laga fyrirlesturinn a\u00f0 \u00f6llum aldursh\u00f3pum leiksk\u00f3lans.\u00a0<\/span><\/li><\/ul><\/li><\/ul><\/li><\/ul><ul><li aria-level=\"2\"><b>Spurningum sem er velt upp:<\/b><\/li><\/ul><ul><li style=\"font-weight: 400;\" aria-level=\"1\"><span style=\"font-weight: 400;\">Hva\u00f0 er efnivi\u00f0ur? Hva\u00f0 efnivi\u00f0ur er \u00ed bo\u00f0i?<\/span><\/li><li style=\"font-weight: 400;\" aria-level=\"1\"><span style=\"font-weight: 400;\">B\u00fd\u00f0ur efnivi\u00f0urinn upp \u00e1 sk\u00f6pun og n\u00fdja \u00feekkingu?<\/span><\/li><li style=\"font-weight: 400;\" aria-level=\"1\"><span style=\"font-weight: 400;\">B\u00fd\u00f0ur efnivi\u00f0urinn upp \u00e1 samstarf og samskipti?<\/span><\/li><li style=\"font-weight: 400;\" aria-level=\"1\"><span style=\"font-weight: 400;\">Gefur efnivi\u00f0urinn m\u00f6guleika \u00e1 fleiri en einni lausn, margbreytilega notkunarm\u00f6guleika?<\/span><\/li><li style=\"font-weight: 400;\" aria-level=\"1\"><span style=\"font-weight: 400;\">F\u00e1 b\u00f6rnin leyfi til a\u00f0 nota efnivi\u00f0inn\/leikf\u00f6ngin \u00e1 \u00f3l\u00edka vegu?\u00a0\u00a0<\/span><\/li><li style=\"font-weight: 400;\" aria-level=\"1\"><span style=\"font-weight: 400;\">Hva\u00f0 er h\u00e6gt a\u00f0 gera \u00ed \u00feessu r\u00fdmi?<\/span><\/li><li style=\"font-weight: 400;\" aria-level=\"1\"><span style=\"font-weight: 400;\">Hva\u00f0 langar mann a\u00f0 gera h\u00e9rna?<\/span><\/li><li style=\"font-weight: 400;\" aria-level=\"1\"><span style=\"font-weight: 400;\">Hva\u00f0 b\u00fd\u00f0ur r\u00fdmi\u00f0 upp \u00e1 a\u00f0 b\u00f6rnin geti \u00e1tt frumkv\u00e6\u00f0i a\u00f0?<\/span><\/li><li style=\"font-weight: 400;\" aria-level=\"1\"><span style=\"font-weight: 400;\">Hva\u00f0a reglur, bo\u00f0 og b\u00f6nn eru \u00ed gildi, skr\u00e1\u00f0 og \u00f3skr\u00e1\u00f0? Hva\u00f0an koma reglurnar? Fyrir hvern eru \u00fe\u00e6r?<\/span><\/li><\/ul>\t\t\t\t\t\t\t\t<\/div>\n\t\t\t\t<\/div>\n\t\t<div class=\"elementor-element elementor-element-6359f0a e-flex e-con-boxed e-con e-child\" data-id=\"6359f0a\" data-element_type=\"container\" data-e-type=\"container\">\n\t\t\t\t\t<div class=\"e-con-inner\">\n\t\t\t\t<div class=\"elementor-element elementor-element-062443a elementor-widget elementor-widget-text-editor\" data-id=\"062443a\" data-element_type=\"widget\" data-e-type=\"widget\" data-widget_type=\"text-editor.default\">\n\t\t\t\t<div class=\"elementor-widget-container\">\n\t\t\t\t\t\t\t\t\t<p style=\"text-align: center;\"><b>\u00cd \u00f6llum fyrirlestrunum eru eftirfarandi vangaveltur og spurningar haf\u00f0ar a\u00f0 lei\u00f0arlj\u00f3si:\u00a0<\/b><\/p><ul><li style=\"font-weight: 400;\" aria-level=\"2\"><span style=\"font-weight: 400;\">Hva\u00f0 er barn\u00e6ska?\u00a0<\/span><\/li><li style=\"font-weight: 400;\" aria-level=\"2\"><span style=\"font-weight: 400;\">Leikur og \u00edmyndunarafl<\/span><\/li><li style=\"font-weight: 400;\" aria-level=\"2\"><span style=\"font-weight: 400;\">R\u00fdmi og efnivi\u00f0ur, hva\u00f0 og hvernig<\/span><\/li><li style=\"font-weight: 400;\" aria-level=\"2\"><span style=\"font-weight: 400;\">\u00c1hrif fullor\u00f0inna \u00e1 sj\u00e1lfsmynd barna, hva\u00f0 get \u00e9g gert til a\u00f0 tryggja a\u00f0 \u00e9g m\u00e6ti hverju barni \u00e1 sem bestan h\u00e1tt.<\/span><\/li><li style=\"font-weight: 400;\" aria-level=\"2\"><span style=\"font-weight: 400;\">Hver er s\u00fdn m\u00edn\/\u00fe\u00edn og vi\u00f0horf til barna?\u00a0<\/span><\/li><li style=\"font-weight: 400;\" aria-level=\"2\"><span style=\"font-weight: 400;\">Hva\u00f0 getum vi\u00f0 fullor\u00f0nu l\u00e6rt af b\u00f6rnum?<\/span><\/li><li style=\"font-weight: 400;\" aria-level=\"2\"><span style=\"font-weight: 400;\">Hva\u00f0 \u00e1 n\u00e1msumhverfi yngstu barnanna a\u00f0 innihalda?<\/span><\/li><li aria-level=\"2\">Hvernig fullor\u00f0na \u00feurfa b\u00f6rn?<\/li><li style=\"font-weight: 400;\" aria-level=\"2\"><span style=\"font-weight: 400;\">Hlutverk hinna fullor\u00f0nu.<\/span><\/li><\/ul>\t\t\t\t\t\t\t\t<\/div>\n\t\t\t\t<\/div>\n\t\t\t\t\t<\/div>\n\t\t\t\t<\/div>\n\t\t\t\t\t<\/div>\n\t\t\t\t<\/div>\n\t\t\t\t<\/div>\n\t\t<div class=\"elementor-element elementor-element-8c5980d e-con-full e-flex e-con e-child\" data-id=\"8c5980d\" data-element_type=\"container\" data-e-type=\"container\">\n\t\t<div class=\"elementor-element elementor-element-752a3ce e-flex e-con-boxed e-con e-child\" data-id=\"752a3ce\" data-element_type=\"container\" data-e-type=\"container\">\n\t\t\t\t\t<div class=\"e-con-inner\">\n\t\t\t\t<div class=\"elementor-element elementor-element-d013974 elementor-widget elementor-widget-text-editor\" data-id=\"d013974\" data-element_type=\"widget\" data-e-type=\"widget\" data-widget_type=\"text-editor.default\">\n\t\t\t\t<div class=\"elementor-widget-container\">\n\t\t\t\t\t\t\t\t\t<p style=\"text-align: center;\"><b>Tengsl og samskipti fullor\u00f0inna og barna<\/b><\/p>\n<p><span style=\"font-weight: 400;\">\u00cd fyrirlestrinum er fari\u00f0 \u00ed tengslamyndun og hvernig og hven\u00e6r tengsl myndast, og hvert hlutverk leiksk\u00f3lans er. Ranns\u00f3knir s\u00ed\u00f0ustu \u00e1ra s\u00fdna fram \u00e1 mikilv\u00e6gi tengslamyndunar fyrir andlega og l\u00edkamlega heilsu okkar. Sj\u00e1lfsmynd barnsins, ver\u00f0ur til \u00ed samskiptum vi\u00f0 umhverfi\u00f0, vi\u00f0br\u00f6g\u00f0um hinna fullor\u00f0nu m\u00f3tar barni\u00f0.&nbsp; B\u00f6rn eru fyrst og fremst tilfinningaverur fyrstu 7 \u00e1ra \u00e6vinnar, hvernig hinir fullor\u00f0nu breg\u00f0ast vi\u00f0 tilfinninga \u00fatbrotum, getur veri\u00f0 afgerandi fyrir l\u00ed\u00f0an og \u00feroska barnsins. M\u00f3tun e\u00f0a forritun einstaklingsins byrjar \u00ed m\u00f3\u00f0urkvi\u00f0i &#8211; andleg og l\u00edkamleg l\u00ed\u00f0an m\u00f3\u00f0ur, stress, \u00e1hyggjur. L\u00ed\u00f0an m\u00f3\u00f0ur hefur \u00e1hrif \u00e1 l\u00ed\u00f0an f\u00f3sturs, en ekki bara \u00fea\u00f0 heldur umhverfi\u00f0 l\u00edka. Mikilv\u00e6gi andlegrar heilsu er t\u00edmi og tengsl, l\u00e6knar hafa ekki veri\u00f0 n\u00f3gu forvitnir um tengsl \u00e1 milli andlegrar l\u00ed\u00f0an og l\u00edkamlega l\u00ed\u00f0an og \u00fev\u00ed s\u00ed\u00f0ur um hva\u00f0 hefur gerst \u00e1\u00f0ur hj\u00e1 einstaklingi, \u00fea\u00f0 hefur sem betur fer veri\u00f0 a\u00f0 breytast s\u00ed\u00f0ustu \u00e1r.&nbsp;<\/span><\/p>\n<ul>\n<li style=\"list-style-type: none;\">\n<ul>\n<li style=\"font-weight: 400;\" aria-level=\"2\"><span style=\"font-weight: 400;\">Lengd&nbsp; 2 t\u00edmar me\u00f0 umr\u00e6\u00f0um.&nbsp;<\/span><\/li>\n<\/ul>\n<\/li>\n<\/ul>\t\t\t\t\t\t\t\t<\/div>\n\t\t\t\t<\/div>\n\t\t\t\t\t<\/div>\n\t\t\t\t<\/div>\n\t\t<div class=\"elementor-element elementor-element-e235643 e-flex e-con-boxed e-con e-child\" data-id=\"e235643\" data-element_type=\"container\" data-e-type=\"container\">\n\t\t\t\t\t<div class=\"e-con-inner\">\n\t\t\t\t<div class=\"elementor-element elementor-element-c0b1ef4 elementor-widget elementor-widget-text-editor\" data-id=\"c0b1ef4\" data-element_type=\"widget\" data-e-type=\"widget\" data-widget_type=\"text-editor.default\">\n\t\t\t\t<div class=\"elementor-widget-container\">\n\t\t\t\t\t\t\t\t\t<p style=\"text-align: center;\"><b>\u201cMargur er kn\u00e1r \u00fe\u00f3 hann s\u00e9 sm\u00e1r\u201d Hvernig ung b\u00f6rn l\u00e6ra.<\/b><\/p><p><span style=\"font-weight: 400;\">\u00cd fyrirlestrinum er fari\u00f0 \u00ed hvernig ung b\u00f6rn l\u00e6ra. Hva\u00f0 \u00fea\u00f0 er sem hefur \u00e1hrif \u00e1 \u00feroska barna. Fari\u00f0 \u00ed \u00d6ryggishringinn, (Circle of security). Hvernig efnivi\u00f0ur og r\u00fdmi skapa n\u00e1msumhverfi\u00f0. Notu\u00f0u eru d\u00e6mi og skr\u00e1ningar \u00far starfi me\u00f0 1-3 \u00e1ra b\u00f6rnum \u00ed tveimur leiksk\u00f3lum.\u00a0<\/span><\/p><ul><li style=\"list-style-type: none;\"><ul><li style=\"font-weight: 400;\" aria-level=\"2\"><span style=\"font-weight: 400;\">Lengd 2 t\u00edmar me\u00f0 umr\u00e6\u00f0um<\/span><\/li><\/ul><\/li><\/ul>\t\t\t\t\t\t\t\t<\/div>\n\t\t\t\t<\/div>\n\t\t<div class=\"elementor-element elementor-element-01d9536 e-flex e-con-boxed e-con e-child\" data-id=\"01d9536\" data-element_type=\"container\" data-e-type=\"container\">\n\t\t\t\t\t<div class=\"e-con-inner\">\n\t\t\t\t<div class=\"elementor-element elementor-element-49a787a elementor-widget elementor-widget-text-editor\" data-id=\"49a787a\" data-element_type=\"widget\" data-e-type=\"widget\" data-widget_type=\"text-editor.default\">\n\t\t\t\t<div class=\"elementor-widget-container\">\n\t\t\t\t\t\t\t\t\t<p style=\"text-align: center;\"><b>A\u00f0l\u00f6gun foreldra og barna \u00ed n\u00fdjum a\u00f0st\u00e6\u00f0um<\/b><span style=\"font-weight: 400;\">.\u00a0<\/span><\/p><p style=\"text-align: center;\"><span style=\"font-weight: 400;\">Barn\u00e6skan varir alla \u00e6vi<\/span><\/p><p><span style=\"font-weight: 400;\">\u00cd fyrirlestrinum er fjalla\u00f0 um hvernig h\u00e6gt er a\u00f0 skapa \u00f6rugg og traust samskipti milli leiksk\u00f3la og heimilis. Fyrirlesturinn byggir fyrst og fremst \u00e1 12 \u00e1ra reynslu af foreldra \u00fe\u00e1ttt\u00f6kua\u00f0l\u00f6gun, \u00fear sem teki\u00f0 er \u00e1 m\u00f3ti 1-2 \u00e1ra b\u00f6rnum \u00e1samt foreldrum, \u00ed litlum h\u00f3pum. Tengslakenningar, streituranns\u00f3knir og hva\u00f0 er til r\u00e1\u00f0a til a\u00f0 skapa \u00f6rugg og g\u00f3\u00f0 samskipti, \u00fear sem teki\u00f0 er tillit til \u00fearfa yngstu barnanna.\u00a0<\/span><\/p><ul><li style=\"list-style-type: none;\"><ul><li style=\"font-weight: 400;\" aria-level=\"1\"><span style=\"font-weight: 400;\">Lengd 2 t\u00edmar me\u00f0 umr\u00e6\u00f0um<\/span><\/li><\/ul><\/li><\/ul><p>.<\/p>\t\t\t\t\t\t\t\t<\/div>\n\t\t\t\t<\/div>\n\t\t\t\t\t<\/div>\n\t\t\t\t<\/div>\n\t\t\t\t\t<\/div>\n\t\t\t\t<\/div>\n\t\t\t\t<div class=\"elementor-element elementor-element-e12a2cf elementor-widget elementor-widget-text-editor\" data-id=\"e12a2cf\" data-element_type=\"widget\" data-e-type=\"widget\" data-widget_type=\"text-editor.default\">\n\t\t\t\t<div class=\"elementor-widget-container\">\n\t\t\t\t\t\t\t\t\t<p>Fyrirlestrarnir eru \u00ed bo\u00f0i \u00ed fjarfundi. Hins vegar er alltaf m\u00f6guleiki \u00e1 a\u00f0 \u00e9g m\u00e6ti \u00e1 sta\u00f0in. Ef fleiri leiksk\u00f3lar taka sig saman er h\u00e6gt a\u00f0 \u00f3ska eftir tilbo\u00f0i og deila \u00feannig kostna\u00f0i.\u00a0<\/p><h4><strong>Hafa samband:\u00a0<\/strong><\/h4><p>\u00a0e-post: livets.reise55@gmail.com<\/p><p>Tele: 0047 90037181<\/p>\t\t\t\t\t\t\t\t<\/div>\n\t\t\t\t<\/div>\n\t\t\t\t<\/div>\n\t\t\t\t\t<\/div>\n\t\t\t\t<\/div>\n\t\t\t\t<\/div>\n\t\t","protected":false},"excerpt":{"rendered":"<p>Heim Fyrirlestrar fyrir leiksk\u00f3la N\u00e1msumhverfi\u00f0 &#8211; Efnivi\u00f0ur og r\u00fdmi &#8211; Yngstu leiksk\u00f3lab\u00f6rnin. \u00cd fyrirlestrinum er leikurinn sem n\u00e1mslei\u00f0 sko\u00f0a\u00f0ur s\u00e9rstaklega, stu\u00f0st er vi\u00f0 skr\u00e1ningar \u00far starfi me\u00f0 1 &#8211; 3 \u00e1ra b\u00f6rnum. \u201cMe\u00f0 ranns\u00f3knum og tilraunum s\u00ednum ein og sama me\u00f0 \u00f6\u00f0rum l\u00e6rir barni\u00f0 sm\u00e1m saman um t\u00e1knm\u00e1l leiksins, um m\u00f6guleika efnivi\u00f0arins. Me\u00f0 ranns\u00f3knum s\u00ednum [&hellip;]<\/p>\n","protected":false},"author":1,"featured_media":0,"parent":0,"menu_order":0,"comment_status":"closed","ping_status":"closed","template":"elementor_theme","meta":{"om_disable_all_campaigns":false,"_monsterinsights_skip_tracking":false,"_monsterinsights_sitenote_active":false,"_monsterinsights_sitenote_note":"","_monsterinsights_sitenote_category":0,"footnotes":""},"class_list":["post-636","page","type-page","status-publish","hentry"],"aioseo_notices":[],"_links":{"self":[{"href":"https:\/\/sitapeturs.com\/index.php\/wp-json\/wp\/v2\/pages\/636","targetHints":{"allow":["GET"]}}],"collection":[{"href":"https:\/\/sitapeturs.com\/index.php\/wp-json\/wp\/v2\/pages"}],"about":[{"href":"https:\/\/sitapeturs.com\/index.php\/wp-json\/wp\/v2\/types\/page"}],"author":[{"embeddable":true,"href":"https:\/\/sitapeturs.com\/index.php\/wp-json\/wp\/v2\/users\/1"}],"replies":[{"embeddable":true,"href":"https:\/\/sitapeturs.com\/index.php\/wp-json\/wp\/v2\/comments?post=636"}],"version-history":[{"count":15,"href":"https:\/\/sitapeturs.com\/index.php\/wp-json\/wp\/v2\/pages\/636\/revisions"}],"predecessor-version":[{"id":665,"href":"https:\/\/sitapeturs.com\/index.php\/wp-json\/wp\/v2\/pages\/636\/revisions\/665"}],"wp:attachment":[{"href":"https:\/\/sitapeturs.com\/index.php\/wp-json\/wp\/v2\/media?parent=636"}],"curies":[{"name":"wp","href":"https:\/\/api.w.org\/{rel}","templated":true}]}}